{"id":20,"date":"2010-09-17T11:01:45","date_gmt":"2010-09-17T11:01:45","guid":{"rendered":"http:\/\/www.adismonta.com\/reto\/"},"modified":"2010-11-11T21:08:44","modified_gmt":"2010-11-11T21:08:44","slug":"verano","status":"publish","type":"page","link":"https:\/\/www.adismonta.com\/reto\/estaciones\/verano\/","title":{"rendered":"Verano"},"content":{"rendered":"<p>Se\u00f1alamos los bosques como el ecosistema m\u00e1s interesantes durante el verano<\/p>\n<p><img loading=\"lazy\" decoding=\"async\" class=\"alignleft size-full wp-image-637\" title=\"Verano, Bosque Serrano\" src=\"https:\/\/www.adismonta.com\/reto\/wp-content\/uploads\/2010\/09\/verano-planas3.jpg\" alt=\"Verano, Bosque Serrano\" width=\"800\" height=\"533\" srcset=\"https:\/\/www.adismonta.com\/reto\/wp-content\/uploads\/2010\/09\/verano-planas3.jpg 800w, https:\/\/www.adismonta.com\/reto\/wp-content\/uploads\/2010\/09\/verano-planas3-300x199.jpg 300w, https:\/\/www.adismonta.com\/reto\/wp-content\/uploads\/2010\/09\/verano-planas3-150x99.jpg 150w, https:\/\/www.adismonta.com\/reto\/wp-content\/uploads\/2010\/09\/verano-planas3-400x266.jpg 400w\" sizes=\"auto, (max-width: 800px) 100vw, 800px\" \/><br \/>\nLos bosques de la comarca Sierra de Montanchez y Tamuja son un elemento fundamental de la diversidad paisaj\u00edstica de este pedazo de Extremadura. Hablamos de Bosques con predominio de las especies de porte arb\u00f3reo, donde tenemos Encinas, Alcornoches, Robles (fundamentalmente Quercus pyrenaica) y Casta\u00f1os. Buena parte de estos bosques originales han evolucionado en gran parte de Extremadura a tipos de h\u00e1bitats diferentes como Dehesas, pastizales,\u2026 gracias en buena medida a la intervenci\u00f3n humana. Algo que podemos ver en ADISMONTA si hacemos un recorrido desde las partes m\u00e1s alta de la Sierra de Montanchez hasta las orillas del r\u00edo Tamuja.<br \/>\nLa mayor\u00eda de la representaci\u00f3n de estos bosques se circunscribe a zonas escarpadas. Laderas y partes altas de las sierras. Las especies vegetales predominantes como hemos mencionado son las de porte arb\u00f3reo y concretamente en el caso que nos ocupa, quercinias, en concreto robles y fundamentalmente encinas y alcornoques. Adem\u00e1s hemos de sumar otra caracter\u00edstica y es la alta densidad de este tipo de vegetaci\u00f3n. Esto no es \u00f3bice para la existencia de una orla arbustiva que hace que en muchas ocasiones se trate de masas vegetales impenetrables. Lugar vital para ciertas especies de raras y bellas orqu\u00eddeas como Limodorun abortivum. (Enlace a orquideas)<br \/>\nEstamos ante un tipo de h\u00e1bitat que ofrece protecci\u00f3n a algunas de las aves m\u00e1s emblem\u00e1ticas de nuestra fauna. Sobre todo las cada vez m\u00e1s escasas rapaces forestales. Azor o Gavil\u00e1n pero adem\u00e1s podremos disfrutar de otras aves m\u00e1s habituales y tambi\u00e9n forestales como Pico picapinos, Torcecuello, Trepador azul, Agateador, Picogordo,\u2026<br \/>\nEn cuanto estos bosques ganan en orla arbustiva aparecen de manera clara algunos paseriformes como petirrojo, ruise\u00f1or com\u00fan, mito, choch\u00edn o currucas.<\/p>\n<p><a href=\"https:\/\/www.adismonta.com\/reto\/que-hacer\/en-verano\">\u00bfque hacer en verano?<\/a><\/p>\n","protected":false},"excerpt":{"rendered":"<p>Se\u00f1alamos los bosques como el ecosistema m\u00e1s interesantes durante el verano<\/p>\n<p>\nLos bosques de la comarca Sierra de Montanchez y Tamuja son un elemento fundamental de la diversidad paisaj\u00edstica de este pedazo de Extremadura. Hablamos de Bosques con predominio de las especies de porte arb\u00f3reo, donde tenemos Encinas, Alcornoches, Robles (fundamentalmente Quercus pyrenaica) y Casta\u00f1os. Buena parte de estos bosques originales han [Leer mas&#8230;]<\/p>\n","protected":false},"author":1,"featured_media":0,"parent":416,"menu_order":5,"comment_status":"closed","ping_status":"closed","template":"","meta":{"ngg_post_thumbnail":0,"footnotes":""},"class_list":["post-20","page","type-page","status-publish","hentry"],"_links":{"self":[{"href":"https:\/\/www.adismonta.com\/reto\/wp-json\/wp\/v2\/pages\/20","targetHints":{"allow":["GET"]}}],"collection":[{"href":"https:\/\/www.adismonta.com\/reto\/wp-json\/wp\/v2\/pages"}],"about":[{"href":"https:\/\/www.adismonta.com\/reto\/wp-json\/wp\/v2\/types\/page"}],"author":[{"embeddable":true,"href":"https:\/\/www.adismonta.com\/reto\/wp-json\/wp\/v2\/users\/1"}],"replies":[{"embeddable":true,"href":"https:\/\/www.adismonta.com\/reto\/wp-json\/wp\/v2\/comments?post=20"}],"version-history":[{"count":7,"href":"https:\/\/www.adismonta.com\/reto\/wp-json\/wp\/v2\/pages\/20\/revisions"}],"predecessor-version":[{"id":636,"href":"https:\/\/www.adismonta.com\/reto\/wp-json\/wp\/v2\/pages\/20\/revisions\/636"}],"up":[{"embeddable":true,"href":"https:\/\/www.adismonta.com\/reto\/wp-json\/wp\/v2\/pages\/416"}],"wp:attachment":[{"href":"https:\/\/www.adismonta.com\/reto\/wp-json\/wp\/v2\/media?parent=20"}],"curies":[{"name":"wp","href":"https:\/\/api.w.org\/{rel}","templated":true}]}}