{"id":22,"date":"2010-09-17T11:01:56","date_gmt":"2010-09-17T11:01:56","guid":{"rendered":"http:\/\/www.adismonta.com\/reto\/"},"modified":"2010-11-11T21:09:06","modified_gmt":"2010-11-11T21:09:06","slug":"otono","status":"publish","type":"page","link":"https:\/\/www.adismonta.com\/reto\/estaciones\/otono\/","title":{"rendered":"Oto\u00f1o"},"content":{"rendered":"<p>Se\u00f1alamos la dehesa como el ecosistema m\u00e1s interesantes durante el oto\u00f1o<\/p>\n<p><img loading=\"lazy\" decoding=\"async\" class=\"alignleft size-full wp-image-640\" title=\"Oto\u00f1o, Dehesa\" src=\"https:\/\/www.adismonta.com\/reto\/wp-content\/uploads\/2010\/09\/otono-DSCF5419.jpg\" alt=\"Oto\u00f1o, Dehesa\" width=\"800\" height=\"602\" srcset=\"https:\/\/www.adismonta.com\/reto\/wp-content\/uploads\/2010\/09\/otono-DSCF5419.jpg 800w, https:\/\/www.adismonta.com\/reto\/wp-content\/uploads\/2010\/09\/otono-DSCF5419-300x225.jpg 300w, https:\/\/www.adismonta.com\/reto\/wp-content\/uploads\/2010\/09\/otono-DSCF5419-150x112.jpg 150w, https:\/\/www.adismonta.com\/reto\/wp-content\/uploads\/2010\/09\/otono-DSCF5419-400x301.jpg 400w\" sizes=\"auto, (max-width: 800px) 100vw, 800px\" \/><br \/>\nOcupan una parte importante de la superficie de la comarca y aparte de ser el sustento de muchas especies de animales salvajes, es la cuna de uno de los mejores manjares que se pueden probar en la vida. En este ecosistema se cr\u00edan los cerdos ib\u00e9ricos que tan maravillosamente se curan en estas tierras.<br \/>\nSe trata del paisaje m\u00e1s caracter\u00edstico de Extremadura. Es sin lugar a dudas un ejemplo de la acci\u00f3n humana sobre la naturaleza que m\u00e1s cerca esta de lo que llamamos Desarrollo Sostenible. Nace este ecosistema de la eliminaci\u00f3n del matorral y del aclareo del bosque mediterr\u00e1neo. Esto genera productividad al ser humano y de manera paralela a una gran diversidad de animales. Entre ellos muchas de nuestras aves. De nuevo vuelve a ser protagonista la encina y el alcornoque. Aunque en este caso, al contrar\u00edo del caso anterior, la densidad del arbolado es mucho menor que en el bosque mediterr\u00e1neo del que procede.<br \/>\nEncontramos aves como la abubilla, paloma torcaz, pito real, pinz\u00f3n vulgar, alcaud\u00f3n com\u00fan, rabilargo,\u2026 adem\u00e1s de varias especies de currucas cuando la dehesa conserva matorral, y enriqueci\u00e9ndose aun m\u00e1s en las dehesas menos arboladas con especies como triguero, tarabilla com\u00fan,\u2026<br \/>\nY como no solo en primavera es impresionante la avifauna de la dehesa, cabe destacar la espectacularidad que cobra en oto\u00f1o este ecosistema con la llegada de la grulla com\u00fan, paloma torcaz, avefr\u00eda o zorzales.<br \/>\nEn cuanto a rapaces es digno de destacar como zona de nidificaci\u00f3n de Elanio com\u00fan (azul), Milano negro, Busardo ratonero, o \u00c1guililla calzada.<\/p>\n<p><a href=\"https:\/\/www.adismonta.com\/reto\/que-hacer\/en-otono\">\u00bfque hacer en otono?<\/a><\/p>\n","protected":false},"excerpt":{"rendered":"<p>Se\u00f1alamos la dehesa como el ecosistema m\u00e1s interesantes durante el oto\u00f1o<\/p>\n<p>\nOcupan una parte importante de la superficie de la comarca y aparte de ser el sustento de muchas especies de animales salvajes, es la cuna de uno de los mejores manjares que se pueden probar en la vida. En este ecosistema se cr\u00edan los cerdos ib\u00e9ricos que tan maravillosamente se curan [Leer mas&#8230;]<\/p>\n","protected":false},"author":1,"featured_media":0,"parent":416,"menu_order":6,"comment_status":"closed","ping_status":"closed","template":"","meta":{"ngg_post_thumbnail":0,"footnotes":""},"class_list":["post-22","page","type-page","status-publish","hentry"],"_links":{"self":[{"href":"https:\/\/www.adismonta.com\/reto\/wp-json\/wp\/v2\/pages\/22","targetHints":{"allow":["GET"]}}],"collection":[{"href":"https:\/\/www.adismonta.com\/reto\/wp-json\/wp\/v2\/pages"}],"about":[{"href":"https:\/\/www.adismonta.com\/reto\/wp-json\/wp\/v2\/types\/page"}],"author":[{"embeddable":true,"href":"https:\/\/www.adismonta.com\/reto\/wp-json\/wp\/v2\/users\/1"}],"replies":[{"embeddable":true,"href":"https:\/\/www.adismonta.com\/reto\/wp-json\/wp\/v2\/comments?post=22"}],"version-history":[{"count":7,"href":"https:\/\/www.adismonta.com\/reto\/wp-json\/wp\/v2\/pages\/22\/revisions"}],"predecessor-version":[{"id":774,"href":"https:\/\/www.adismonta.com\/reto\/wp-json\/wp\/v2\/pages\/22\/revisions\/774"}],"up":[{"embeddable":true,"href":"https:\/\/www.adismonta.com\/reto\/wp-json\/wp\/v2\/pages\/416"}],"wp:attachment":[{"href":"https:\/\/www.adismonta.com\/reto\/wp-json\/wp\/v2\/media?parent=22"}],"curies":[{"name":"wp","href":"https:\/\/api.w.org\/{rel}","templated":true}]}}