{"id":412,"date":"2010-11-04T16:57:46","date_gmt":"2010-11-04T16:57:46","guid":{"rendered":"http:\/\/www.adismonta.com\/reto\/"},"modified":"2012-04-26T16:08:59","modified_gmt":"2012-04-26T16:08:59","slug":"lic","status":"publish","type":"page","link":"https:\/\/www.adismonta.com\/reto\/lic\/","title":{"rendered":"LIC"},"content":{"rendered":"<p><a href=\"https:\/\/www.adismonta.com\/reto\/wp-content\/uploads\/2010\/10\/lic_fslide.png\"><\/a><\/p>\n<p><a href=\"https:\/\/www.adismonta.com\/reto\/wp-content\/uploads\/2010\/11\/lic-definitivo.jpg\"><img loading=\"lazy\" decoding=\"async\" class=\"alignleft size-medium wp-image-1026\" title=\"lic definitivo\" src=\"https:\/\/www.adismonta.com\/reto\/wp-content\/uploads\/2010\/11\/lic-definitivo-300x292.jpg\" alt=\"\" width=\"300\" height=\"292\" srcset=\"https:\/\/www.adismonta.com\/reto\/wp-content\/uploads\/2010\/11\/lic-definitivo-300x292.jpg 300w, https:\/\/www.adismonta.com\/reto\/wp-content\/uploads\/2010\/11\/lic-definitivo-150x146.jpg 150w, https:\/\/www.adismonta.com\/reto\/wp-content\/uploads\/2010\/11\/lic-definitivo-400x389.jpg 400w, https:\/\/www.adismonta.com\/reto\/wp-content\/uploads\/2010\/11\/lic-definitivo.jpg 462w\" sizes=\"auto, (max-width: 300px) 100vw, 300px\" \/><\/a>Los Lugares de inter\u00e9s comunitario de la comarca Sierra de Mont\u00e1nchez y R\u00edo Tamuja (ADISMONTA) se corresponden con dos r\u00edos de cierta importancia en Extremadura. Curiosamente repartidos entre las dos cuencas hidrogr\u00e1ficas que participan de la comarca. El R\u00edo Almonte en el tajo y el R\u00edo Aljucen en el Guadiana. Sin duda dos ejemplo diferentes, pero muy pr\u00f3ximo, de corrientes de agua en este territorio.<\/p>\n","protected":false},"excerpt":{"rendered":"<\/p>\n<p>Los Lugares de inter\u00e9s comunitario de la comarca Sierra de Mont\u00e1nchez y R\u00edo Tamuja (ADISMONTA) se corresponden con dos r\u00edos de cierta importancia en Extremadura. Curiosamente repartidos entre las dos cuencas hidrogr\u00e1ficas que participan de la comarca. El R\u00edo Almonte en el tajo y el R\u00edo Aljucen en el Guadiana. Sin duda dos ejemplo diferentes, pero muy pr\u00f3ximo, de corrientes de [Leer mas&#8230;]<\/p>\n","protected":false},"author":1,"featured_media":1026,"parent":0,"menu_order":0,"comment_status":"closed","ping_status":"closed","template":"","meta":{"ngg_post_thumbnail":0,"footnotes":""},"class_list":["post-412","page","type-page","status-publish","has-post-thumbnail","hentry"],"_links":{"self":[{"href":"https:\/\/www.adismonta.com\/reto\/wp-json\/wp\/v2\/pages\/412","targetHints":{"allow":["GET"]}}],"collection":[{"href":"https:\/\/www.adismonta.com\/reto\/wp-json\/wp\/v2\/pages"}],"about":[{"href":"https:\/\/www.adismonta.com\/reto\/wp-json\/wp\/v2\/types\/page"}],"author":[{"embeddable":true,"href":"https:\/\/www.adismonta.com\/reto\/wp-json\/wp\/v2\/users\/1"}],"replies":[{"embeddable":true,"href":"https:\/\/www.adismonta.com\/reto\/wp-json\/wp\/v2\/comments?post=412"}],"version-history":[{"count":11,"href":"https:\/\/www.adismonta.com\/reto\/wp-json\/wp\/v2\/pages\/412\/revisions"}],"predecessor-version":[{"id":1027,"href":"https:\/\/www.adismonta.com\/reto\/wp-json\/wp\/v2\/pages\/412\/revisions\/1027"}],"wp:featuredmedia":[{"embeddable":true,"href":"https:\/\/www.adismonta.com\/reto\/wp-json\/wp\/v2\/media\/1026"}],"wp:attachment":[{"href":"https:\/\/www.adismonta.com\/reto\/wp-json\/wp\/v2\/media?parent=412"}],"curies":[{"name":"wp","href":"https:\/\/api.w.org\/{rel}","templated":true}]}}