{"id":751,"date":"2010-11-11T20:51:41","date_gmt":"2010-11-11T20:51:41","guid":{"rendered":"http:\/\/www.adismonta.com\/reto\/"},"modified":"2010-11-22T12:06:48","modified_gmt":"2010-11-22T12:06:48","slug":"en-primavera","status":"publish","type":"page","link":"https:\/\/www.adismonta.com\/reto\/que-hacer\/en-primavera\/","title":{"rendered":"En primavera"},"content":{"rendered":"<p><a href=\"https:\/\/www.adismonta.com\/reto\/wp-content\/uploads\/2010\/09\/primavera.jpg\"><img loading=\"lazy\" decoding=\"async\" class=\"alignleft size-medium wp-image-132\" title=\"primavera\" src=\"https:\/\/www.adismonta.com\/reto\/wp-content\/uploads\/2010\/09\/primavera-300x225.jpg\" alt=\"\" width=\"300\" height=\"225\" srcset=\"https:\/\/www.adismonta.com\/reto\/wp-content\/uploads\/2010\/09\/primavera-300x225.jpg 300w, https:\/\/www.adismonta.com\/reto\/wp-content\/uploads\/2010\/09\/primavera-150x112.jpg 150w, https:\/\/www.adismonta.com\/reto\/wp-content\/uploads\/2010\/09\/primavera-400x300.jpg 400w, https:\/\/www.adismonta.com\/reto\/wp-content\/uploads\/2010\/09\/primavera.jpg 700w\" sizes=\"auto, (max-width: 300px) 100vw, 300px\" \/><\/a>Los meses de marzo y abril brindan otro de los mejores espect\u00e1culos que la fauna silvestre puede ofrecer en la pen\u00ednsula ib\u00e9rica. Esta maravilla es la \u201crueda de las avutardas\u201d. El espectacular celo de los machos es una de los reclamos para buena parte de los aficionados europeos a las aves\u00a0 y cada d\u00eda m\u00e1s a los aficionados nacionales. Sin duda no es una situaci\u00f3n sencilla de divisar por lo que recomendamos ponerse en contacto con empresas de gu\u00edas de la zona (contactar con ADISMONTA para m\u00e1s informaci\u00f3n). Adem\u00e1s puede resultar extremadamente impactante si no se tienen ciertos conocimientos sobre la especie, por lo que los guias nos pueden ayudar a verlas mejor y a conservar esta preciosa estampa. Un territorio como ADISMONTA con 3 de sus ZEPA consideradas \u201cEstepas\u201d es probablemente uno de los mejores sitios para disfrutar de esta bella estampa<\/p>\n<div>\n<li><a href=\"..\/red-natura-2000\/zepa-llanos-de-trujillo\/\">Zepa Llanos de Trujillo<\/a><\/li>\n<li><a href=\"..\/red-natura-2000\/zepa-magasca\/\">Zepa Magasca<\/a><\/li>\n<li><a href=\"..\/red-natura-2000\/zepa-llanos-de-caceres-y-sierra-de-fuentes\/\">Zepa Llanos de C\u00e1ceres y Sierra de Fuentes<\/a><\/li>\n<\/div>\n","protected":false},"excerpt":{"rendered":"<p>Los meses de marzo y abril brindan otro de los mejores espect\u00e1culos que la fauna silvestre puede ofrecer en la pen\u00ednsula ib\u00e9rica. Esta maravilla es la \u201crueda de las avutardas\u201d. El espectacular celo de los machos es una de los reclamos para buena parte de los aficionados europeos a las aves\u00a0 y cada d\u00eda m\u00e1s a los aficionados nacionales. Sin duda [Leer mas&#8230;]<\/p>\n","protected":false},"author":1,"featured_media":132,"parent":109,"menu_order":0,"comment_status":"closed","ping_status":"open","template":"","meta":{"ngg_post_thumbnail":0,"footnotes":""},"class_list":["post-751","page","type-page","status-publish","has-post-thumbnail","hentry"],"_links":{"self":[{"href":"https:\/\/www.adismonta.com\/reto\/wp-json\/wp\/v2\/pages\/751","targetHints":{"allow":["GET"]}}],"collection":[{"href":"https:\/\/www.adismonta.com\/reto\/wp-json\/wp\/v2\/pages"}],"about":[{"href":"https:\/\/www.adismonta.com\/reto\/wp-json\/wp\/v2\/types\/page"}],"author":[{"embeddable":true,"href":"https:\/\/www.adismonta.com\/reto\/wp-json\/wp\/v2\/users\/1"}],"replies":[{"embeddable":true,"href":"https:\/\/www.adismonta.com\/reto\/wp-json\/wp\/v2\/comments?post=751"}],"version-history":[{"count":4,"href":"https:\/\/www.adismonta.com\/reto\/wp-json\/wp\/v2\/pages\/751\/revisions"}],"predecessor-version":[{"id":754,"href":"https:\/\/www.adismonta.com\/reto\/wp-json\/wp\/v2\/pages\/751\/revisions\/754"}],"up":[{"embeddable":true,"href":"https:\/\/www.adismonta.com\/reto\/wp-json\/wp\/v2\/pages\/109"}],"wp:featuredmedia":[{"embeddable":true,"href":"https:\/\/www.adismonta.com\/reto\/wp-json\/wp\/v2\/media\/132"}],"wp:attachment":[{"href":"https:\/\/www.adismonta.com\/reto\/wp-json\/wp\/v2\/media?parent=751"}],"curies":[{"name":"wp","href":"https:\/\/api.w.org\/{rel}","templated":true}]}}