{"id":757,"date":"2010-11-11T20:55:34","date_gmt":"2010-11-11T20:55:34","guid":{"rendered":"http:\/\/www.adismonta.com\/reto\/"},"modified":"2010-11-22T12:06:57","modified_gmt":"2010-11-22T12:06:57","slug":"en-verano","status":"publish","type":"page","link":"https:\/\/www.adismonta.com\/reto\/que-hacer\/en-verano\/","title":{"rendered":"En Verano"},"content":{"rendered":"<p><a href=\"https:\/\/www.adismonta.com\/reto\/wp-content\/uploads\/2010\/09\/verano.jpg\"><img loading=\"lazy\" decoding=\"async\" class=\"alignleft size-medium wp-image-133\" title=\"verano\" src=\"https:\/\/www.adismonta.com\/reto\/wp-content\/uploads\/2010\/09\/verano-300x224.jpg\" alt=\"\" width=\"300\" height=\"224\" srcset=\"https:\/\/www.adismonta.com\/reto\/wp-content\/uploads\/2010\/09\/verano-300x224.jpg 300w, https:\/\/www.adismonta.com\/reto\/wp-content\/uploads\/2010\/09\/verano-150x112.jpg 150w, https:\/\/www.adismonta.com\/reto\/wp-content\/uploads\/2010\/09\/verano-400x298.jpg 400w, https:\/\/www.adismonta.com\/reto\/wp-content\/uploads\/2010\/09\/verano.jpg 700w\" sizes=\"auto, (max-width: 300px) 100vw, 300px\" \/><\/a><\/p>\n<p><strong><em><\/em><\/strong> Los \u00faltimos meses de primavera y los de verano son propicios para conocer los casi 1000 metros de altitud que esconde esta comarca as\u00ed como sus maravillosos bosques de robles, alcornoques, \u2026\u00a0 Simplemente hacer senderismo por un paisaje no esperado en esta parte de Extremadura nos proporcionar\u00e1 unas experiencias sin duda inolvidables. Para aquellos que adem\u00e1s necesiten algo m\u00e1s, seguro que la observaci\u00f3n, identificaci\u00f3n y fotograf\u00eda de las orqu\u00eddeas que por estos ecosistemas se dan ser\u00e1 un ejercicio muy saludable.<\/p>\n","protected":false},"excerpt":{"rendered":"<\/p>\n<p> Los \u00faltimos meses de primavera y los de verano son propicios para conocer los casi 1000 metros de altitud que esconde esta comarca as\u00ed como sus maravillosos bosques de robles, alcornoques, \u2026\u00a0 Simplemente hacer senderismo por un paisaje no esperado en esta parte de Extremadura nos proporcionar\u00e1 unas experiencias sin duda inolvidables. Para aquellos que adem\u00e1s necesiten algo m\u00e1s, seguro [Leer mas&#8230;]<\/p>\n","protected":false},"author":1,"featured_media":133,"parent":109,"menu_order":0,"comment_status":"closed","ping_status":"open","template":"","meta":{"ngg_post_thumbnail":0,"footnotes":""},"class_list":["post-757","page","type-page","status-publish","has-post-thumbnail","hentry"],"_links":{"self":[{"href":"https:\/\/www.adismonta.com\/reto\/wp-json\/wp\/v2\/pages\/757","targetHints":{"allow":["GET"]}}],"collection":[{"href":"https:\/\/www.adismonta.com\/reto\/wp-json\/wp\/v2\/pages"}],"about":[{"href":"https:\/\/www.adismonta.com\/reto\/wp-json\/wp\/v2\/types\/page"}],"author":[{"embeddable":true,"href":"https:\/\/www.adismonta.com\/reto\/wp-json\/wp\/v2\/users\/1"}],"replies":[{"embeddable":true,"href":"https:\/\/www.adismonta.com\/reto\/wp-json\/wp\/v2\/comments?post=757"}],"version-history":[{"count":3,"href":"https:\/\/www.adismonta.com\/reto\/wp-json\/wp\/v2\/pages\/757\/revisions"}],"predecessor-version":[{"id":814,"href":"https:\/\/www.adismonta.com\/reto\/wp-json\/wp\/v2\/pages\/757\/revisions\/814"}],"up":[{"embeddable":true,"href":"https:\/\/www.adismonta.com\/reto\/wp-json\/wp\/v2\/pages\/109"}],"wp:featuredmedia":[{"embeddable":true,"href":"https:\/\/www.adismonta.com\/reto\/wp-json\/wp\/v2\/media\/133"}],"wp:attachment":[{"href":"https:\/\/www.adismonta.com\/reto\/wp-json\/wp\/v2\/media?parent=757"}],"curies":[{"name":"wp","href":"https:\/\/api.w.org\/{rel}","templated":true}]}}