{"id":759,"date":"2010-11-11T20:56:12","date_gmt":"2010-11-11T20:56:12","guid":{"rendered":"http:\/\/www.adismonta.com\/reto\/"},"modified":"2010-11-22T12:06:45","modified_gmt":"2010-11-22T12:06:45","slug":"en-otono","status":"publish","type":"page","link":"https:\/\/www.adismonta.com\/reto\/que-hacer\/en-otono\/","title":{"rendered":"En Oto\u00f1o"},"content":{"rendered":"<p><a href=\"https:\/\/www.adismonta.com\/reto\/wp-content\/uploads\/2010\/09\/otono-DSCF5419.jpg\"><img loading=\"lazy\" decoding=\"async\" class=\"alignleft size-medium wp-image-640\" title=\"Oto\u00f1o, Dehesa\" src=\"https:\/\/www.adismonta.com\/reto\/wp-content\/uploads\/2010\/09\/otono-DSCF5419-300x225.jpg\" alt=\"Oto\u00f1o, Dehesa\" width=\"300\" height=\"225\" srcset=\"https:\/\/www.adismonta.com\/reto\/wp-content\/uploads\/2010\/09\/otono-DSCF5419-300x225.jpg 300w, https:\/\/www.adismonta.com\/reto\/wp-content\/uploads\/2010\/09\/otono-DSCF5419-150x112.jpg 150w, https:\/\/www.adismonta.com\/reto\/wp-content\/uploads\/2010\/09\/otono-DSCF5419-400x301.jpg 400w, https:\/\/www.adismonta.com\/reto\/wp-content\/uploads\/2010\/09\/otono-DSCF5419.jpg 800w\" sizes=\"auto, (max-width: 300px) 100vw, 300px\" \/><\/a><\/p>\n<p>Desde final del verano, una vez que comienzan las primeras lluvias hasta que los fr\u00edos empiezan a ser algo m\u00e1s importantes, esta comarca y su diversidad de ecosistema nos permiten disfrutar de gran variedad de setas. Champi\u00f1ones en las zonas m\u00e1s llanas con ganado, macrolepiotas en las zonas de dehesas o varios boletus en los bosques de las zonas m\u00e1s abruptas, entre otras muchas\u00a0 pueden permitir unas hermosas jornadas micol\u00f3gicas por estas tierras. El punto final podr\u00eda ser probar estas delicias en los restaurantes de la comarca.<\/p>\n","protected":false},"excerpt":{"rendered":"<\/p>\n<p>Desde final del verano, una vez que comienzan las primeras lluvias hasta que los fr\u00edos empiezan a ser algo m\u00e1s importantes, esta comarca y su diversidad de ecosistema nos permiten disfrutar de gran variedad de setas. Champi\u00f1ones en las zonas m\u00e1s llanas con ganado, macrolepiotas en las zonas de dehesas o varios boletus en los bosques de las zonas m\u00e1s abruptas, [Leer mas&#8230;]<\/p>\n","protected":false},"author":1,"featured_media":0,"parent":109,"menu_order":0,"comment_status":"closed","ping_status":"open","template":"","meta":{"ngg_post_thumbnail":0,"footnotes":""},"class_list":["post-759","page","type-page","status-publish","hentry"],"_links":{"self":[{"href":"https:\/\/www.adismonta.com\/reto\/wp-json\/wp\/v2\/pages\/759","targetHints":{"allow":["GET"]}}],"collection":[{"href":"https:\/\/www.adismonta.com\/reto\/wp-json\/wp\/v2\/pages"}],"about":[{"href":"https:\/\/www.adismonta.com\/reto\/wp-json\/wp\/v2\/types\/page"}],"author":[{"embeddable":true,"href":"https:\/\/www.adismonta.com\/reto\/wp-json\/wp\/v2\/users\/1"}],"replies":[{"embeddable":true,"href":"https:\/\/www.adismonta.com\/reto\/wp-json\/wp\/v2\/comments?post=759"}],"version-history":[{"count":3,"href":"https:\/\/www.adismonta.com\/reto\/wp-json\/wp\/v2\/pages\/759\/revisions"}],"predecessor-version":[{"id":817,"href":"https:\/\/www.adismonta.com\/reto\/wp-json\/wp\/v2\/pages\/759\/revisions\/817"}],"up":[{"embeddable":true,"href":"https:\/\/www.adismonta.com\/reto\/wp-json\/wp\/v2\/pages\/109"}],"wp:attachment":[{"href":"https:\/\/www.adismonta.com\/reto\/wp-json\/wp\/v2\/media?parent=759"}],"curies":[{"name":"wp","href":"https:\/\/api.w.org\/{rel}","templated":true}]}}